{"id":15320,"date":"2020-09-13T19:19:37","date_gmt":"2020-09-13T17:19:37","guid":{"rendered":"https:\/\/dev.greatideasinaction.com\/dva\/?page_id=15320"},"modified":"2023-07-10T10:12:05","modified_gmt":"2023-07-10T08:12:05","slug":"contacto","status":"publish","type":"page","link":"https:\/\/dev.greatideasinaction.com\/dva\/pe\/contacto\/","title":{"rendered":"Contacto"},"content":{"rendered":"<section class=\"wpb-content-wrapper\">[vc_row row_height_percent=\u00bb0&#8243; back_image=\u00bb14502&#8243; overlay_color=\u00bbcolor-156587&#8243; overlay_alpha=\u00bb50&#8243; gutter_size=\u00bb3&#8243; column_width_use_pixel=\u00bbyes\u00bb shift_y=\u00bb0&#8243; z_index=\u00bb0&#8243; column_width_pixel=\u00bb1200&#8243; css=\u00bb.vc_custom_1602232841742{padding-top: 100px !important;padding-bottom: 50px !important;}\u00bb][vc_column column_width_percent=\u00bb100&#8243; gutter_size=\u00bb3&#8243; overlay_alpha=\u00bb50&#8243; shift_x=\u00bb0&#8243; shift_y=\u00bb0&#8243; shift_y_down=\u00bb0&#8243; z_index=\u00bb0&#8243; medium_width=\u00bb0&#8243; mobile_width=\u00bb0&#8243; width=\u00bb1\/1&#8243;][vc_row_inner][vc_column_inner width=\u00bb2\/3&#8243;][vc_column_text]\n<div class=\"wpcf7 no-js\" id=\"wpcf7-f46124-o1\" lang=\"es-PE\" dir=\"ltr\">\n<div class=\"screen-reader-response\"><p role=\"status\" aria-live=\"polite\" aria-atomic=\"true\"><\/p> <ul><\/ul><\/div>\n<form action=\"\/dva\/pe\/wp-json\/wp\/v2\/pages\/15320#wpcf7-f46124-o1\" method=\"post\" class=\"wpcf7-form init\" aria-label=\"Contact form\" novalidate=\"novalidate\" data-status=\"init\">\n<div style=\"display: none;\">\n<input type=\"hidden\" name=\"_wpcf7\" value=\"46124\" \/>\n<input type=\"hidden\" name=\"_wpcf7_version\" value=\"5.7.7\" \/>\n<input type=\"hidden\" name=\"_wpcf7_locale\" value=\"es_PE\" \/>\n<input type=\"hidden\" name=\"_wpcf7_unit_tag\" value=\"wpcf7-f46124-o1\" \/>\n<input type=\"hidden\" name=\"_wpcf7_container_post\" value=\"0\" \/>\n<input type=\"hidden\" name=\"_wpcf7_posted_data_hash\" value=\"\" \/>\n<input type=\"hidden\" name=\"_wpcf7_recaptcha_response\" value=\"\" \/>\n<\/div>\n<p><span class=\"wpcf7-form-control-wrap\" data-name=\"name2\"><input size=\"40\" class=\"wpcf7-form-control wpcf7-text wpcf7-validates-as-required form-fluid\" aria-required=\"true\" aria-invalid=\"false\" placeholder=\"Nombre\" value=\"\" type=\"text\" name=\"name2\" \/><\/span>\n<\/p>\n<p><span class=\"wpcf7-form-control-wrap\" data-name=\"company\"><input size=\"40\" class=\"wpcf7-form-control wpcf7-text wpcf7-validates-as-required form-fluid\" aria-required=\"true\" aria-invalid=\"false\" placeholder=\"Compa\u00f1\u00eda\" value=\"\" type=\"text\" name=\"company\" \/><\/span>\n<\/p>\n<p><span class=\"wpcf7-form-control-wrap\" data-name=\"phone\"><input size=\"40\" class=\"wpcf7-form-control wpcf7-text wpcf7-validates-as-required form-fluid\" aria-required=\"true\" aria-invalid=\"false\" placeholder=\"N\u00famero de Telefon\u00eda\" value=\"\" type=\"text\" name=\"phone\" \/><\/span>\n<\/p>\n<p><span class=\"wpcf7-form-control-wrap\" data-name=\"email\"><input size=\"40\" class=\"wpcf7-form-control wpcf7-text wpcf7-validates-as-required form-fluid\" aria-required=\"true\" aria-invalid=\"false\" placeholder=\"Correo Electr\u00f3nico\" value=\"\" type=\"text\" name=\"email\" \/><\/span>\n<\/p>\n<p><span class=\"wpcf7-form-control-wrap\" data-name=\"country\"><input size=\"40\" class=\"wpcf7-form-control wpcf7-text wpcf7-validates-as-required form-fluid\" aria-required=\"true\" aria-invalid=\"false\" placeholder=\"Pa\u00eds\" value=\"\" type=\"text\" name=\"country\" \/><\/span>\n<\/p>\n<p><span class=\"wpcf7-form-control-wrap\" data-name=\"your-message\"><textarea cols=\"40\" rows=\"10\" class=\"wpcf7-form-control wpcf7-textarea\" aria-invalid=\"false\" placeholder=\"Por favor, escriba su petici\u00f3n...\" name=\"your-message\"><\/textarea><\/span>\n<\/p>\n<p><input class=\"wpcf7-form-control has-spinner wpcf7-submit btn btn-accent\" type=\"submit\" value=\"Env\u00ede la investigaci\u00f3n\" \/>\n<\/p><div class=\"wpcf7-response-output\" aria-hidden=\"true\"><\/div>\n<\/form>\n<\/div>\n[\/vc_column_text][\/vc_column_inner][vc_column_inner column_width_percent=\u00bb100&#8243; gutter_size=\u00bb2&#8243; override_padding=\u00bbyes\u00bb column_padding=\u00bb0&#8243; back_color=\u00bbcolor-xsdn\u00bb overlay_alpha=\u00bb50&#8243; shift_x=\u00bb0&#8243; shift_y=\u00bb0&#8243; shift_y_down=\u00bb0&#8243; z_index=\u00bb0&#8243; medium_width=\u00bb0&#8243; mobile_width=\u00bb0&#8243; width=\u00bb1\/3&#8243;][vc_column_text css=\u00bb.vc_custom_1683613287637{padding-top: 30px !important;padding-right: 20px !important;padding-bottom: 40px !important;padding-left: 30px !important;}\u00bb uncode_shortcode_id=\u00bb118351&#8243;]\n<h3><span style=\"color: #0047ba;\">Luis Arturo Guardia N.<\/span><\/h3>\n<p><em>General Manager Per\u00fa<\/em><br \/>\nDVA Agro<br \/>\nArturo.guardia@dvaham.onmicrosoft.com<\/p>\n<p>Por favor, utilice el formulario de contacto para ponerse en contacto con nosotros y conocer m\u00e1s sobre nuestros productos.<\/p>\n[\/vc_column_text][\/vc_column_inner][\/vc_row_inner][\/vc_column][\/vc_row]\n<\/section>","protected":false},"excerpt":{"rendered":"<p>[vc_row row_height_percent=\u00bb0&#8243; back_image=\u00bb14502&#8243; overlay_color=\u00bbcolor-156587&#8243; overlay_alpha=\u00bb50&#8243; gutter_size=\u00bb3&#8243; column_width_use_pixel=\u00bbyes\u00bb shift_y=\u00bb0&#8243; z_index=\u00bb0&#8243; column_width_pixel=\u00bb1200&#8243; css=\u00bb.vc_custom_1602232841742{padding-top: 100px !important;padding-bottom: 50px !important;}\u00bb][vc_column column_width_percent=\u00bb100&#8243; gutter_size=\u00bb3&#8243; overlay_alpha=\u00bb50&#8243; shift_x=\u00bb0&#8243; shift_y=\u00bb0&#8243; [&hellip;]<\/p>\n","protected":false},"author":1,"featured_media":0,"parent":0,"menu_order":0,"comment_status":"closed","ping_status":"closed","template":"","meta":{"footnotes":""},"yoast_head":"<!-- This site is optimized with the Yoast SEO Premium plugin v20.10 (Yoast SEO v20.10) - https:\/\/yoast.com\/wordpress\/plugins\/seo\/ -->\n<title>Contacto<\/title>\n<meta name=\"description\" content=\"\u00a1Cont\u00e1ctanos para obtener m\u00e1s informaci\u00f3n sobre nuestros productos y servicios! Estamos aqu\u00ed para ayudarte en tus necesidades agr\u00edcolas.\" \/>\n<meta name=\"robots\" content=\"index, follow, max-snippet:-1, max-image-preview:large, max-video-preview:-1\" \/>\n<link rel=\"canonical\" href=\"https:\/\/dev.greatideasinaction.com\/dva\/pe\/contacto\/\" \/>\n<meta property=\"og:locale\" content=\"es_ES\" \/>\n<meta property=\"og:type\" content=\"article\" \/>\n<meta property=\"og:title\" content=\"Contacto\" \/>\n<meta property=\"og:description\" content=\"\u00a1Cont\u00e1ctanos para obtener m\u00e1s informaci\u00f3n sobre nuestros productos y servicios! Estamos aqu\u00ed para ayudarte en tus necesidades agr\u00edcolas.\" \/>\n<meta property=\"og:url\" content=\"https:\/\/dev.greatideasinaction.com\/dva\/pe\/contacto\/\" \/>\n<meta property=\"og:site_name\" content=\"DVA\" \/>\n<meta property=\"article:publisher\" content=\"https:\/\/www.facebook.com\/dvaglobal\" \/>\n<meta property=\"article:modified_time\" content=\"2023-07-10T08:12:05+00:00\" \/>\n<meta name=\"twitter:card\" content=\"summary_large_image\" \/>\n<meta name=\"twitter:label1\" content=\"Est. reading time\" \/>\n\t<meta name=\"twitter:data1\" content=\"1 minuto\" \/>\n<script type=\"application\/ld+json\" class=\"yoast-schema-graph\">{\"@context\":\"https:\/\/schema.org\",\"@graph\":[{\"@type\":\"WebPage\",\"@id\":\"https:\/\/dev.greatideasinaction.com\/dva\/pe\/contacto\/\",\"url\":\"https:\/\/dev.greatideasinaction.com\/dva\/pe\/contacto\/\",\"name\":\"Contacto\",\"isPartOf\":{\"@id\":\"https:\/\/dev.greatideasinaction.com\/dva\/pe\/#website\"},\"datePublished\":\"2020-09-13T17:19:37+00:00\",\"dateModified\":\"2023-07-10T08:12:05+00:00\",\"description\":\"\u00a1Cont\u00e1ctanos para obtener m\u00e1s informaci\u00f3n sobre nuestros productos y servicios! Estamos aqu\u00ed para ayudarte en tus necesidades agr\u00edcolas.\",\"breadcrumb\":{\"@id\":\"https:\/\/dev.greatideasinaction.com\/dva\/pe\/contacto\/#breadcrumb\"},\"inLanguage\":\"es\",\"potentialAction\":[{\"@type\":\"ReadAction\",\"target\":[\"https:\/\/dev.greatideasinaction.com\/dva\/pe\/contacto\/\"]}]},{\"@type\":\"BreadcrumbList\",\"@id\":\"https:\/\/dev.greatideasinaction.com\/dva\/pe\/contacto\/#breadcrumb\",\"itemListElement\":[{\"@type\":\"ListItem\",\"position\":1,\"name\":\"Home\",\"item\":\"https:\/\/dev.greatideasinaction.com\/dva\/pe\/\"},{\"@type\":\"ListItem\",\"position\":2,\"name\":\"Contacto\"}]},{\"@type\":\"WebSite\",\"@id\":\"https:\/\/dev.greatideasinaction.com\/dva\/pe\/#website\",\"url\":\"https:\/\/dev.greatideasinaction.com\/dva\/pe\/\",\"name\":\"DVA\",\"description\":\"GO FURTHER. TOGETHER\",\"publisher\":{\"@id\":\"https:\/\/dev.greatideasinaction.com\/dva\/pe\/#organization\"},\"potentialAction\":[{\"@type\":\"SearchAction\",\"target\":{\"@type\":\"EntryPoint\",\"urlTemplate\":\"https:\/\/dev.greatideasinaction.com\/dva\/pe\/?s={search_term_string}\"},\"query-input\":\"required name=search_term_string\"}],\"inLanguage\":\"es\"},{\"@type\":\"Organization\",\"@id\":\"https:\/\/dev.greatideasinaction.com\/dva\/pe\/#organization\",\"name\":\"DVA\",\"url\":\"https:\/\/dev.greatideasinaction.com\/dva\/pe\/\",\"logo\":{\"@type\":\"ImageObject\",\"inLanguage\":\"es\",\"@id\":\"https:\/\/dev.greatideasinaction.com\/dva\/pe\/#\/schema\/logo\/image\/\",\"url\":\"https:\/\/dev.greatideasinaction.com\/dva\/wp-content\/uploads\/2020\/05\/dva-group-logo.svg\",\"contentUrl\":\"https:\/\/dev.greatideasinaction.com\/dva\/wp-content\/uploads\/2020\/05\/dva-group-logo.svg\",\"width\":\"1000\",\"height\":\"1000\",\"caption\":\"DVA\"},\"image\":{\"@id\":\"https:\/\/dev.greatideasinaction.com\/dva\/pe\/#\/schema\/logo\/image\/\"},\"sameAs\":[\"https:\/\/www.facebook.com\/dvaglobal\"]}]}<\/script>\n<!-- \/ Yoast SEO Premium plugin. -->","yoast_head_json":{"title":"Contacto","description":"\u00a1Cont\u00e1ctanos para obtener m\u00e1s informaci\u00f3n sobre nuestros productos y servicios! Estamos aqu\u00ed para ayudarte en tus necesidades agr\u00edcolas.","robots":{"index":"index","follow":"follow","max-snippet":"max-snippet:-1","max-image-preview":"max-image-preview:large","max-video-preview":"max-video-preview:-1"},"canonical":"https:\/\/dev.greatideasinaction.com\/dva\/pe\/contacto\/","og_locale":"es_ES","og_type":"article","og_title":"Contacto","og_description":"\u00a1Cont\u00e1ctanos para obtener m\u00e1s informaci\u00f3n sobre nuestros productos y servicios! Estamos aqu\u00ed para ayudarte en tus necesidades agr\u00edcolas.","og_url":"https:\/\/dev.greatideasinaction.com\/dva\/pe\/contacto\/","og_site_name":"DVA","article_publisher":"https:\/\/www.facebook.com\/dvaglobal","article_modified_time":"2023-07-10T08:12:05+00:00","twitter_card":"summary_large_image","twitter_misc":{"Est. reading time":"1 minuto"},"schema":{"@context":"https:\/\/schema.org","@graph":[{"@type":"WebPage","@id":"https:\/\/dev.greatideasinaction.com\/dva\/pe\/contacto\/","url":"https:\/\/dev.greatideasinaction.com\/dva\/pe\/contacto\/","name":"Contacto","isPartOf":{"@id":"https:\/\/dev.greatideasinaction.com\/dva\/pe\/#website"},"datePublished":"2020-09-13T17:19:37+00:00","dateModified":"2023-07-10T08:12:05+00:00","description":"\u00a1Cont\u00e1ctanos para obtener m\u00e1s informaci\u00f3n sobre nuestros productos y servicios! Estamos aqu\u00ed para ayudarte en tus necesidades agr\u00edcolas.","breadcrumb":{"@id":"https:\/\/dev.greatideasinaction.com\/dva\/pe\/contacto\/#breadcrumb"},"inLanguage":"es","potentialAction":[{"@type":"ReadAction","target":["https:\/\/dev.greatideasinaction.com\/dva\/pe\/contacto\/"]}]},{"@type":"BreadcrumbList","@id":"https:\/\/dev.greatideasinaction.com\/dva\/pe\/contacto\/#breadcrumb","itemListElement":[{"@type":"ListItem","position":1,"name":"Home","item":"https:\/\/dev.greatideasinaction.com\/dva\/pe\/"},{"@type":"ListItem","position":2,"name":"Contacto"}]},{"@type":"WebSite","@id":"https:\/\/dev.greatideasinaction.com\/dva\/pe\/#website","url":"https:\/\/dev.greatideasinaction.com\/dva\/pe\/","name":"DVA","description":"GO FURTHER. TOGETHER","publisher":{"@id":"https:\/\/dev.greatideasinaction.com\/dva\/pe\/#organization"},"potentialAction":[{"@type":"SearchAction","target":{"@type":"EntryPoint","urlTemplate":"https:\/\/dev.greatideasinaction.com\/dva\/pe\/?s={search_term_string}"},"query-input":"required name=search_term_string"}],"inLanguage":"es"},{"@type":"Organization","@id":"https:\/\/dev.greatideasinaction.com\/dva\/pe\/#organization","name":"DVA","url":"https:\/\/dev.greatideasinaction.com\/dva\/pe\/","logo":{"@type":"ImageObject","inLanguage":"es","@id":"https:\/\/dev.greatideasinaction.com\/dva\/pe\/#\/schema\/logo\/image\/","url":"https:\/\/dev.greatideasinaction.com\/dva\/wp-content\/uploads\/2020\/05\/dva-group-logo.svg","contentUrl":"https:\/\/dev.greatideasinaction.com\/dva\/wp-content\/uploads\/2020\/05\/dva-group-logo.svg","width":"1000","height":"1000","caption":"DVA"},"image":{"@id":"https:\/\/dev.greatideasinaction.com\/dva\/pe\/#\/schema\/logo\/image\/"},"sameAs":["https:\/\/www.facebook.com\/dvaglobal"]}]}},"_links":{"self":[{"href":"https:\/\/dev.greatideasinaction.com\/dva\/pe\/wp-json\/wp\/v2\/pages\/15320"}],"collection":[{"href":"https:\/\/dev.greatideasinaction.com\/dva\/pe\/wp-json\/wp\/v2\/pages"}],"about":[{"href":"https:\/\/dev.greatideasinaction.com\/dva\/pe\/wp-json\/wp\/v2\/types\/page"}],"author":[{"embeddable":true,"href":"https:\/\/dev.greatideasinaction.com\/dva\/pe\/wp-json\/wp\/v2\/users\/1"}],"replies":[{"embeddable":true,"href":"https:\/\/dev.greatideasinaction.com\/dva\/pe\/wp-json\/wp\/v2\/comments?post=15320"}],"version-history":[{"count":1,"href":"https:\/\/dev.greatideasinaction.com\/dva\/pe\/wp-json\/wp\/v2\/pages\/15320\/revisions"}],"predecessor-version":[{"id":204413,"href":"https:\/\/dev.greatideasinaction.com\/dva\/pe\/wp-json\/wp\/v2\/pages\/15320\/revisions\/204413"}],"wp:attachment":[{"href":"https:\/\/dev.greatideasinaction.com\/dva\/pe\/wp-json\/wp\/v2\/media?parent=15320"}],"curies":[{"name":"wp","href":"https:\/\/api.w.org\/{rel}","templated":true}]}}