{"id":561,"date":"2020-06-04T03:31:57","date_gmt":"2020-06-04T01:31:57","guid":{"rendered":"https:\/\/www.dva.endustry.de\/?page_id=561"},"modified":"2023-06-21T14:27:39","modified_gmt":"2023-06-21T12:27:39","slug":"angola","status":"publish","type":"page","link":"https:\/\/dev.greatideasinaction.com\/dva\/angola\/","title":{"rendered":"DVA Angola \ud83c\udde6\ud83c\uddf4"},"content":{"rendered":"<section class=\"wpb-content-wrapper\">[vc_row row_height_percent=&#8221;35&#8243; back_image=&#8221;10641&#8243; overlay_alpha=&#8221;50&#8243; gutter_size=&#8221;3&#8243; column_width_percent=&#8221;100&#8243; shift_y=&#8221;0&#8243; z_index=&#8221;0&#8243;][vc_column column_width_percent=&#8221;100&#8243; position_vertical=&#8221;bottom&#8221; gutter_size=&#8221;3&#8243; overlay_alpha=&#8221;50&#8243; shift_x=&#8221;0&#8243; shift_y=&#8221;0&#8243; shift_y_down=&#8221;0&#8243; z_index=&#8221;0&#8243; medium_width=&#8221;0&#8243; mobile_width=&#8221;0&#8243; width=&#8221;1\/1&#8243;][\/vc_column][\/vc_row][vc_row row_height_percent=&#8221;0&#8243; override_padding=&#8221;yes&#8221; h_padding=&#8221;2&#8243; top_padding=&#8221;1&#8243; bottom_padding=&#8221;1&#8243; back_color=&#8221;color-dva&#8221; overlay_alpha=&#8221;50&#8243; gutter_size=&#8221;3&#8243; column_width_percent=&#8221;100&#8243; shift_y=&#8221;0&#8243; z_index=&#8221;0&#8243; css=&#8221;.vc_custom_1589848165288{padding-top: 13px !important;padding-bottom: 13px !important;}&#8221;][vc_column column_width_percent=&#8221;100&#8243; position_vertical=&#8221;middle&#8221; align_horizontal=&#8221;align_right&#8221; gutter_size=&#8221;0&#8243; override_padding=&#8221;yes&#8221; column_padding=&#8221;0&#8243; overlay_alpha=&#8221;50&#8243; shift_x=&#8221;0&#8243; shift_y=&#8221;0&#8243; shift_y_down=&#8221;0&#8243; z_index=&#8221;0&#8243; medium_width=&#8221;0&#8243; mobile_width=&#8221;0&#8243; width=&#8221;1\/1&#8243;][vc_custom_heading text_color=&#8221;color-xsdn&#8221; text_transform=&#8221;uppercase&#8221;]Go Further. Together[\/vc_custom_heading][\/vc_column][\/vc_row][vc_row row_height_percent=&#8221;0&#8243; back_color=&#8221;color-lxmt&#8221; overlay_alpha=&#8221;50&#8243; gutter_size=&#8221;4&#8243; column_width_percent=&#8221;100&#8243; shift_y=&#8221;0&#8243; z_index=&#8221;0&#8243; css=&#8221;.vc_custom_1589847287147{padding-bottom: 30px !important;}&#8221;][vc_column column_width_percent=&#8221;100&#8243; gutter_size=&#8221;2&#8243; back_color=&#8221;color-xsdn&#8221; overlay_alpha=&#8221;50&#8243; shift_x=&#8221;0&#8243; shift_y=&#8221;-5&#8243; shift_y_fixed=&#8221;yes&#8221; shift_y_down=&#8221;0&#8243; z_index=&#8221;0&#8243; medium_width=&#8221;0&#8243; mobile_width=&#8221;0&#8243; shadow=&#8221;xs&#8221; width=&#8221;1\/2&#8243;][vc_custom_heading text_color=&#8221;color-dva&#8221; text_size=&#8221;fontsize-207125&#8243; text_weight=&#8221;400&#8243; text_transform=&#8221;uppercase&#8221; text_height=&#8221;&#8221; uncode_shortcode_id=&#8221;531298&#8243; text_color_type=&#8221;uncode-palette&#8221;]<span style=\"color: #000000;\">Welcome to<\/span><br \/>\n<strong>DVA Angola <a href=\"https:\/\/dev.greatideasinaction.com\/dva\/ao\">\ud83c\udde6\ud83c\uddf4<\/a><\/strong>[\/vc_custom_heading][vc_column_text text_lead=&#8221;yes&#8221;]DVA is a German multinational company whose mission is to develop high quality agricultural solutions for farmers in Angola and all over the world. We produce and market crop protection, plant nutrition, plant bio-stimulants and special adjuvants for sustainable agriculture. Operating in Europe, Latin America, Asia and Africa, we focus our efforts on the specific local needs of farmers, whether in terms of product composition, application, digitalization or practical practices such as package sizes. With over 50 years of experience, DVA is also active in non-agricultural sectors such as health, nutrition and plastics.[\/vc_column_text][vc_button button_color=&#8221;color-wvjs&#8221; size=&#8221;btn-lg&#8221; radius=&#8221;btn-square&#8221; outline=&#8221;yes&#8221; border_width=&#8221;0&#8243; link=&#8221;url:%2320|title:About||&#8221;]Learn More[\/vc_button][\/vc_column][vc_column column_width_percent=&#8221;100&#8243; gutter_size=&#8221;2&#8243; overlay_alpha=&#8221;50&#8243; shift_x=&#8221;0&#8243; shift_y=&#8221;0&#8243; shift_y_down=&#8221;0&#8243; z_index=&#8221;0&#8243; medium_width=&#8221;0&#8243; mobile_width=&#8221;0&#8243; width=&#8221;1\/2&#8243; css=&#8221;.vc_custom_1589845803480{padding-bottom: 30px !important;}&#8221;][vc_custom_heading text_color=&#8221;color-dva&#8221; text_transform=&#8221;uppercase&#8221; text_height=&#8221;&#8221;]Highlighted Products[\/vc_custom_heading][uncode_index el_id=&#8221;index-129559&#8243; index_type=&#8221;carousel&#8221; loop=&#8221;size:10|order_by:date|post_type:page|tax_query:52,51,53&#8243; carousel_lg=&#8221;2&#8243; carousel_md=&#8221;2&#8243; carousel_sm=&#8221;1&#8243; thumb_size=&#8221;one-one&#8221; gutter_size=&#8221;2&#8243; page_items=&#8221;media|featured|onpost|original,title&#8221; carousel_v_align=&#8221;middle&#8221; carousel_interval=&#8221;3000&#8243; carousel_navspeed=&#8221;400&#8243; carousel_loop=&#8221;yes&#8221; stage_padding=&#8221;0&#8243; single_back_color=&#8221;color-xsdn&#8221; single_overlay_color=&#8221;color-dva&#8221; single_overlay_opacity=&#8221;50&#8243; single_overlay_anim=&#8221;no&#8221; single_h_align=&#8221;center&#8221; single_padding=&#8221;2&#8243; single_title_semantic=&#8221;h2&#8243; single_title_dimension=&#8221;h4&#8243; single_title_transform=&#8221;uppercase&#8221; single_title_height=&#8221;&#8221; single_shadow=&#8221;yes&#8221; single_border=&#8221;yes&#8221;][\/vc_column][\/vc_row][vc_row row_height_percent=&#8221;0&#8243; overlay_alpha=&#8221;50&#8243; gutter_size=&#8221;3&#8243; column_width_use_pixel=&#8221;yes&#8221; shift_y=&#8221;0&#8243; z_index=&#8221;0&#8243; css=&#8221;.vc_custom_1591488935633{padding-top: 40px !important;padding-bottom: 15px !important;}&#8221; column_width_pixel=&#8221;1150&#8243;][vc_column column_width_percent=&#8221;100&#8243; align_horizontal=&#8221;align_center&#8221; gutter_size=&#8221;3&#8243; overlay_alpha=&#8221;50&#8243; shift_x=&#8221;0&#8243; shift_y=&#8221;0&#8243; shift_y_down=&#8221;0&#8243; z_index=&#8221;0&#8243; medium_width=&#8221;0&#8243; mobile_width=&#8221;0&#8243; width=&#8221;1\/1&#8243;][vc_custom_heading text_color=&#8221;color-dva&#8221; text_size=&#8221;fontsize-668570&#8243; text_weight=&#8221;400&#8243; text_transform=&#8221;uppercase&#8221; text_height=&#8221;&#8221;]<span style=\"color: #000000;\">Discover Our<\/span><br \/>\n<strong>Crop Protection Solutions<\/strong>[\/vc_custom_heading][vc_row_inner row_inner_height_percent=&#8221;0&#8243; overlay_alpha=&#8221;50&#8243; gutter_size=&#8221;3&#8243; shift_y=&#8221;0&#8243; z_index=&#8221;0&#8243; css=&#8221;.vc_custom_1593733937777{padding-top: 30px !important;}&#8221;][vc_column_inner column_width_percent=&#8221;100&#8243; position_vertical=&#8221;middle&#8221; align_horizontal=&#8221;align_center&#8221; gutter_size=&#8221;3&#8243; style=&#8221;dark&#8221; back_color=&#8221;color-Herbicides&#8221; back_image=&#8221;17473&#8243; overlay_color=&#8221;color-210596&#8243; overlay_alpha=&#8221;90&#8243; shift_x=&#8221;0&#8243; shift_y=&#8221;0&#8243; shift_y_down=&#8221;0&#8243; z_index=&#8221;0&#8243; medium_width=&#8221;0&#8243; mobile_width=&#8221;0&#8243; width=&#8221;1\/3&#8243; uncode_shortcode_id=&#8221;162249&#8243; back_color_type=&#8221;uncode-palette&#8221; overlay_color_type=&#8221;uncode-palette&#8221;][vc_column_text css=&#8221;.vc_custom_1687349933950{padding-top: 10px !important;}&#8221; uncode_shortcode_id=&#8221;191448&#8243;]<img decoding=\"async\" class=\"alignnone wp-image-23417\" src=\"https:\/\/dev.greatideasinaction.com\/dva\/wp-content\/uploads\/2020\/10\/Herbicides-01.svg\" alt=\"\" width=\"90\" height=\"90\" \/>[\/vc_column_text][vc_column_text]\n<h3><strong>HERBICIDES<\/strong><\/h3>\n[\/vc_column_text][vc_button button_color=&#8221;color-xsdn&#8221; size=&#8221;btn-lg&#8221; radius=&#8221;btn-square&#8221; wide=&#8221;yes&#8221; outline=&#8221;yes&#8221; border_width=&#8221;0&#8243; icon_position=&#8221;right&#8221; icon=&#8221;fa fa-arrow-right-thick&#8221; link=&#8221;url:https%3A%2F%2Fdev.greatideasinaction.com%2Fdva%2Fangola%2Fproducts|title:Products||&#8221;]See Products[\/vc_button][\/vc_column_inner][vc_column_inner column_width_percent=&#8221;100&#8243; position_vertical=&#8221;middle&#8221; align_horizontal=&#8221;align_center&#8221; gutter_size=&#8221;3&#8243; style=&#8221;dark&#8221; back_color=&#8221;color-Insecticides&#8221; back_image=&#8221;17399&#8243; overlay_color=&#8221;color-502393&#8243; overlay_alpha=&#8221;90&#8243; shift_x=&#8221;0&#8243; shift_y=&#8221;0&#8243; shift_y_down=&#8221;0&#8243; z_index=&#8221;0&#8243; medium_width=&#8221;0&#8243; mobile_width=&#8221;0&#8243; width=&#8221;1\/3&#8243; uncode_shortcode_id=&#8221;262854&#8243; back_color_type=&#8221;uncode-palette&#8221; overlay_color_type=&#8221;uncode-palette&#8221;][vc_column_text css=&#8221;.vc_custom_1687349964165{padding-top: 10px !important;}&#8221; uncode_shortcode_id=&#8221;174824&#8243;]<img decoding=\"async\" class=\"alignnone wp-image-23380\" src=\"https:\/\/dev.greatideasinaction.com\/dva\/wp-content\/uploads\/2020\/10\/Insecticides-01.svg\" alt=\"\" width=\"90\" height=\"90\" \/>[\/vc_column_text][vc_column_text]\n<h3><strong>INSECTICIDES<\/strong><\/h3>\n[\/vc_column_text][vc_button button_color=&#8221;color-xsdn&#8221; size=&#8221;btn-lg&#8221; radius=&#8221;btn-square&#8221; wide=&#8221;yes&#8221; outline=&#8221;yes&#8221; border_width=&#8221;0&#8243; icon_position=&#8221;right&#8221; icon=&#8221;fa fa-arrow-right-thick&#8221; link=&#8221;url:https%3A%2F%2Fdev.greatideasinaction.com%2Fdva%2Fangola%2Fproducts%2F%232|title:Products||&#8221;]See Products[\/vc_button][\/vc_column_inner][vc_column_inner column_width_percent=&#8221;100&#8243; position_vertical=&#8221;middle&#8221; align_horizontal=&#8221;align_center&#8221; gutter_size=&#8221;3&#8243; style=&#8221;dark&#8221; back_color=&#8221;color-Fungicides&#8221; back_image=&#8221;17436&#8243; overlay_color=&#8221;color-170928&#8243; overlay_alpha=&#8221;50&#8243; shift_x=&#8221;0&#8243; shift_y=&#8221;0&#8243; shift_y_down=&#8221;0&#8243; z_index=&#8221;0&#8243; medium_width=&#8221;0&#8243; mobile_width=&#8221;0&#8243; width=&#8221;1\/3&#8243; uncode_shortcode_id=&#8221;153773&#8243; back_color_type=&#8221;uncode-palette&#8221; overlay_color_type=&#8221;uncode-palette&#8221;][vc_column_text css=&#8221;.vc_custom_1687350002777{padding-top: 10px !important;}&#8221; uncode_shortcode_id=&#8221;101157&#8243;]<img decoding=\"async\" class=\"alignnone wp-image-23303\" src=\"https:\/\/dev.greatideasinaction.com\/dva\/wp-content\/uploads\/2020\/10\/Fungicides-01.svg\" alt=\"\" width=\"90\" height=\"90\" \/>[\/vc_column_text][vc_column_text]\n<h3><strong>FUNGICIDES<\/strong><\/h3>\n[\/vc_column_text][vc_button button_color=&#8221;color-xsdn&#8221; size=&#8221;btn-lg&#8221; radius=&#8221;btn-square&#8221; wide=&#8221;yes&#8221; outline=&#8221;yes&#8221; border_width=&#8221;0&#8243; icon_position=&#8221;right&#8221; icon=&#8221;fa fa-arrow-right-thick&#8221; link=&#8221;url:https%3A%2F%2Fdev.greatideasinaction.com%2Fdva%2Fangola%2Fproducts%2F%233|title:Products||&#8221;]See Products[\/vc_button][\/vc_column_inner][\/vc_row_inner][\/vc_column][\/vc_row][vc_row row_height_percent=&#8221;0&#8243; overlay_alpha=&#8221;50&#8243; gutter_size=&#8221;3&#8243; column_width_use_pixel=&#8221;yes&#8221; shift_y=&#8221;0&#8243; z_index=&#8221;0&#8243; column_width_pixel=&#8221;1150&#8243; css=&#8221;.vc_custom_1590544756103{padding-top: 30px !important;padding-bottom: 70px !important;}&#8221;][vc_column column_width_percent=&#8221;100&#8243; position_vertical=&#8221;middle&#8221; align_horizontal=&#8221;align_center&#8221; gutter_size=&#8221;3&#8243; overlay_alpha=&#8221;50&#8243; shift_x=&#8221;0&#8243; shift_y=&#8221;0&#8243; shift_y_down=&#8221;0&#8243; z_index=&#8221;0&#8243; medium_width=&#8221;0&#8243; mobile_width=&#8221;0&#8243; width=&#8221;1\/1&#8243;][vc_custom_heading text_color=&#8221;color-wvjs&#8221; text_size=&#8221;h4&#8243; text_weight=&#8221;400&#8243; text_transform=&#8221;uppercase&#8221;]Our Products are certified by:[\/vc_custom_heading][vc_gallery el_id=&#8221;gallery-16733432&#8243; type=&#8221;carousel&#8221; medias=&#8221;259,261,263,265,267,269&#8243; carousel_lg=&#8221;6&#8243; carousel_md=&#8221;3&#8243; carousel_sm=&#8221;3&#8243; gutter_size=&#8221;3&#8243; media_items=&#8221;media|nolink|original,icon&#8221; carousel_interval=&#8221;3000&#8243; carousel_navspeed=&#8221;400&#8243; carousel_loop=&#8221;yes&#8221; stage_padding=&#8221;0&#8243; single_overlay_opacity=&#8221;50&#8243; single_overlay_anim=&#8221;no&#8221; single_text_anim=&#8221;no&#8221; single_image_anim=&#8221;no&#8221; single_padding=&#8221;2&#8243; single_title_height=&#8221;&#8221; single_border=&#8221;yes&#8221;][\/vc_column][\/vc_row][vc_row][vc_column width=&#8221;1\/1&#8243;][uncode_block id=&#8221;2614&#8243;][\/vc_column][\/vc_row][vc_row][vc_column width=&#8221;1\/1&#8243;][uncode_block id=&#8221;2393&#8243;][\/vc_column][\/vc_row]\n<\/section>","protected":false},"excerpt":{"rendered":"<p>[vc_row row_height_percent=&#8221;35&#8243; back_image=&#8221;10641&#8243; overlay_alpha=&#8221;50&#8243; gutter_size=&#8221;3&#8243; column_width_percent=&#8221;100&#8243; shift_y=&#8221;0&#8243; z_index=&#8221;0&#8243;][vc_column column_width_percent=&#8221;100&#8243; position_vertical=&#8221;bottom&#8221; gutter_size=&#8221;3&#8243; overlay_alpha=&#8221;50&#8243; shift_x=&#8221;0&#8243; shift_y=&#8221;0&#8243; shift_y_down=&#8221;0&#8243; z_index=&#8221;0&#8243; medium_width=&#8221;0&#8243; mobile_width=&#8221;0&#8243; width=&#8221;1\/1&#8243;][\/vc_column][\/vc_row][vc_row row_height_percent=&#8221;0&#8243; [&hellip;]<\/p>\n","protected":false},"author":1,"featured_media":10476,"parent":0,"menu_order":0,"comment_status":"closed","ping_status":"closed","template":"","meta":{"footnotes":""},"yoast_head":"<!-- This site is optimized with the Yoast SEO Premium plugin v20.10 (Yoast SEO v20.10) - https:\/\/yoast.com\/wordpress\/plugins\/seo\/ -->\n<title>DVA Angola<\/title>\n<meta name=\"description\" content=\"A DVA \u00e9 uma empresa multinacional alem\u00e3 cuja miss\u00e3o \u00e9 desenvolver solu\u00e7\u00f5es agr\u00edcolas de alta qualidade para agricultores em Angola e no mundo inteiro.\" \/>\n<meta name=\"robots\" content=\"index, follow, max-snippet:-1, max-image-preview:large, max-video-preview:-1\" \/>\n<link rel=\"canonical\" href=\"https:\/\/dev.greatideasinaction.com\/dva\/angola\/\" \/>\n<meta property=\"og:locale\" content=\"en_US\" \/>\n<meta property=\"og:type\" content=\"article\" \/>\n<meta property=\"og:title\" content=\"DVA Angola \ud83c\udde6\ud83c\uddf4\" \/>\n<meta property=\"og:description\" content=\"A DVA \u00e9 uma empresa multinacional alem\u00e3 cuja miss\u00e3o \u00e9 desenvolver solu\u00e7\u00f5es agr\u00edcolas de alta qualidade para agricultores em Angola e no mundo inteiro.\" \/>\n<meta property=\"og:url\" content=\"https:\/\/dev.greatideasinaction.com\/dva\/angola\/\" \/>\n<meta property=\"og:site_name\" content=\"DVA\" \/>\n<meta property=\"article:publisher\" content=\"https:\/\/www.facebook.com\/dvaglobal\" \/>\n<meta property=\"article:modified_time\" content=\"2023-06-21T12:27:39+00:00\" \/>\n<meta property=\"og:image\" content=\"https:\/\/dev.greatideasinaction.com\/dva\/wp-content\/uploads\/2020\/07\/angola-e1594821286230.png\" \/>\n\t<meta property=\"og:image:width\" content=\"700\" \/>\n\t<meta property=\"og:image:height\" content=\"701\" \/>\n\t<meta property=\"og:image:type\" content=\"image\/png\" \/>\n<meta name=\"twitter:card\" content=\"summary_large_image\" \/>\n<meta name=\"twitter:label1\" content=\"Est. reading time\" \/>\n\t<meta name=\"twitter:data1\" content=\"3 minutes\" \/>\n<script type=\"application\/ld+json\" class=\"yoast-schema-graph\">{\"@context\":\"https:\/\/schema.org\",\"@graph\":[{\"@type\":\"WebPage\",\"@id\":\"https:\/\/dev.greatideasinaction.com\/dva\/angola\/\",\"url\":\"https:\/\/dev.greatideasinaction.com\/dva\/angola\/\",\"name\":\"DVA Angola\",\"isPartOf\":{\"@id\":\"https:\/\/dev.greatideasinaction.com\/dva\/#website\"},\"datePublished\":\"2020-06-04T01:31:57+00:00\",\"dateModified\":\"2023-06-21T12:27:39+00:00\",\"description\":\"A DVA \u00e9 uma empresa multinacional alem\u00e3 cuja miss\u00e3o \u00e9 desenvolver solu\u00e7\u00f5es agr\u00edcolas de alta qualidade para agricultores em Angola e no mundo inteiro.\",\"breadcrumb\":{\"@id\":\"https:\/\/dev.greatideasinaction.com\/dva\/angola\/#breadcrumb\"},\"inLanguage\":\"en-US\",\"potentialAction\":[{\"@type\":\"ReadAction\",\"target\":[\"https:\/\/dev.greatideasinaction.com\/dva\/angola\/\"]}]},{\"@type\":\"BreadcrumbList\",\"@id\":\"https:\/\/dev.greatideasinaction.com\/dva\/angola\/#breadcrumb\",\"itemListElement\":[{\"@type\":\"ListItem\",\"position\":1,\"name\":\"Home\",\"item\":\"https:\/\/dev.greatideasinaction.com\/dva\/\"},{\"@type\":\"ListItem\",\"position\":2,\"name\":\"DVA Angola \ud83c\udde6\ud83c\uddf4\"}]},{\"@type\":\"WebSite\",\"@id\":\"https:\/\/dev.greatideasinaction.com\/dva\/#website\",\"url\":\"https:\/\/dev.greatideasinaction.com\/dva\/\",\"name\":\"DVA\",\"description\":\"GO FURTHER. TOGETHER\",\"publisher\":{\"@id\":\"https:\/\/dev.greatideasinaction.com\/dva\/#organization\"},\"potentialAction\":[{\"@type\":\"SearchAction\",\"target\":{\"@type\":\"EntryPoint\",\"urlTemplate\":\"https:\/\/dev.greatideasinaction.com\/dva\/?s={search_term_string}\"},\"query-input\":\"required name=search_term_string\"}],\"inLanguage\":\"en-US\"},{\"@type\":\"Organization\",\"@id\":\"https:\/\/dev.greatideasinaction.com\/dva\/#organization\",\"name\":\"DVA\",\"url\":\"https:\/\/dev.greatideasinaction.com\/dva\/\",\"logo\":{\"@type\":\"ImageObject\",\"inLanguage\":\"en-US\",\"@id\":\"https:\/\/dev.greatideasinaction.com\/dva\/#\/schema\/logo\/image\/\",\"url\":\"https:\/\/dev.greatideasinaction.com\/dva\/wp-content\/uploads\/2020\/05\/dva-group-logo.svg\",\"contentUrl\":\"https:\/\/dev.greatideasinaction.com\/dva\/wp-content\/uploads\/2020\/05\/dva-group-logo.svg\",\"width\":\"1000\",\"height\":\"1000\",\"caption\":\"DVA\"},\"image\":{\"@id\":\"https:\/\/dev.greatideasinaction.com\/dva\/#\/schema\/logo\/image\/\"},\"sameAs\":[\"https:\/\/www.facebook.com\/dvaglobal\"]}]}<\/script>\n<!-- \/ Yoast SEO Premium plugin. -->","yoast_head_json":{"title":"DVA Angola","description":"A DVA \u00e9 uma empresa multinacional alem\u00e3 cuja miss\u00e3o \u00e9 desenvolver solu\u00e7\u00f5es agr\u00edcolas de alta qualidade para agricultores em Angola e no mundo inteiro.","robots":{"index":"index","follow":"follow","max-snippet":"max-snippet:-1","max-image-preview":"max-image-preview:large","max-video-preview":"max-video-preview:-1"},"canonical":"https:\/\/dev.greatideasinaction.com\/dva\/angola\/","og_locale":"en_US","og_type":"article","og_title":"DVA Angola \ud83c\udde6\ud83c\uddf4","og_description":"A DVA \u00e9 uma empresa multinacional alem\u00e3 cuja miss\u00e3o \u00e9 desenvolver solu\u00e7\u00f5es agr\u00edcolas de alta qualidade para agricultores em Angola e no mundo inteiro.","og_url":"https:\/\/dev.greatideasinaction.com\/dva\/angola\/","og_site_name":"DVA","article_publisher":"https:\/\/www.facebook.com\/dvaglobal","article_modified_time":"2023-06-21T12:27:39+00:00","og_image":[{"width":700,"height":701,"url":"https:\/\/dev.greatideasinaction.com\/dva\/wp-content\/uploads\/2020\/07\/angola-e1594821286230.png","type":"image\/png"}],"twitter_card":"summary_large_image","twitter_misc":{"Est. reading time":"3 minutes"},"schema":{"@context":"https:\/\/schema.org","@graph":[{"@type":"WebPage","@id":"https:\/\/dev.greatideasinaction.com\/dva\/angola\/","url":"https:\/\/dev.greatideasinaction.com\/dva\/angola\/","name":"DVA Angola","isPartOf":{"@id":"https:\/\/dev.greatideasinaction.com\/dva\/#website"},"datePublished":"2020-06-04T01:31:57+00:00","dateModified":"2023-06-21T12:27:39+00:00","description":"A DVA \u00e9 uma empresa multinacional alem\u00e3 cuja miss\u00e3o \u00e9 desenvolver solu\u00e7\u00f5es agr\u00edcolas de alta qualidade para agricultores em Angola e no mundo inteiro.","breadcrumb":{"@id":"https:\/\/dev.greatideasinaction.com\/dva\/angola\/#breadcrumb"},"inLanguage":"en-US","potentialAction":[{"@type":"ReadAction","target":["https:\/\/dev.greatideasinaction.com\/dva\/angola\/"]}]},{"@type":"BreadcrumbList","@id":"https:\/\/dev.greatideasinaction.com\/dva\/angola\/#breadcrumb","itemListElement":[{"@type":"ListItem","position":1,"name":"Home","item":"https:\/\/dev.greatideasinaction.com\/dva\/"},{"@type":"ListItem","position":2,"name":"DVA Angola \ud83c\udde6\ud83c\uddf4"}]},{"@type":"WebSite","@id":"https:\/\/dev.greatideasinaction.com\/dva\/#website","url":"https:\/\/dev.greatideasinaction.com\/dva\/","name":"DVA","description":"GO FURTHER. TOGETHER","publisher":{"@id":"https:\/\/dev.greatideasinaction.com\/dva\/#organization"},"potentialAction":[{"@type":"SearchAction","target":{"@type":"EntryPoint","urlTemplate":"https:\/\/dev.greatideasinaction.com\/dva\/?s={search_term_string}"},"query-input":"required name=search_term_string"}],"inLanguage":"en-US"},{"@type":"Organization","@id":"https:\/\/dev.greatideasinaction.com\/dva\/#organization","name":"DVA","url":"https:\/\/dev.greatideasinaction.com\/dva\/","logo":{"@type":"ImageObject","inLanguage":"en-US","@id":"https:\/\/dev.greatideasinaction.com\/dva\/#\/schema\/logo\/image\/","url":"https:\/\/dev.greatideasinaction.com\/dva\/wp-content\/uploads\/2020\/05\/dva-group-logo.svg","contentUrl":"https:\/\/dev.greatideasinaction.com\/dva\/wp-content\/uploads\/2020\/05\/dva-group-logo.svg","width":"1000","height":"1000","caption":"DVA"},"image":{"@id":"https:\/\/dev.greatideasinaction.com\/dva\/#\/schema\/logo\/image\/"},"sameAs":["https:\/\/www.facebook.com\/dvaglobal"]}]}},"_links":{"self":[{"href":"https:\/\/dev.greatideasinaction.com\/dva\/wp-json\/wp\/v2\/pages\/561"}],"collection":[{"href":"https:\/\/dev.greatideasinaction.com\/dva\/wp-json\/wp\/v2\/pages"}],"about":[{"href":"https:\/\/dev.greatideasinaction.com\/dva\/wp-json\/wp\/v2\/types\/page"}],"author":[{"embeddable":true,"href":"https:\/\/dev.greatideasinaction.com\/dva\/wp-json\/wp\/v2\/users\/1"}],"replies":[{"embeddable":true,"href":"https:\/\/dev.greatideasinaction.com\/dva\/wp-json\/wp\/v2\/comments?post=561"}],"version-history":[{"count":4,"href":"https:\/\/dev.greatideasinaction.com\/dva\/wp-json\/wp\/v2\/pages\/561\/revisions"}],"predecessor-version":[{"id":214255,"href":"https:\/\/dev.greatideasinaction.com\/dva\/wp-json\/wp\/v2\/pages\/561\/revisions\/214255"}],"wp:featuredmedia":[{"embeddable":true,"href":"https:\/\/dev.greatideasinaction.com\/dva\/wp-json\/wp\/v2\/media\/10476"}],"wp:attachment":[{"href":"https:\/\/dev.greatideasinaction.com\/dva\/wp-json\/wp\/v2\/media?parent=561"}],"curies":[{"name":"wp","href":"https:\/\/api.w.org\/{rel}","templated":true}]}}